{"id":52,"date":"2019-02-08T10:59:22","date_gmt":"2019-02-08T10:59:22","guid":{"rendered":"http:\/\/www.jannyvanderheiden.nl\/wordpress\/?page_id=52"},"modified":"2026-03-09T12:36:03","modified_gmt":"2026-03-09T12:36:03","slug":"janny-van-der-heijden","status":"publish","type":"page","link":"https:\/\/www.jannyvanderheiden.nl\/","title":{"rendered":"Janny van der Heijden"},"content":{"rendered":"<p><img decoding=\"async\" loading=\"lazy\" class=\"aligncenter\" src=\"https:\/\/www.jannyvanderheiden.nl\/wp-content\/uploads\/2022\/02\/janny-compi-1024x576.png\" sizes=\"(max-width: 960px) 100vw, 960px\" srcset=\"https:\/\/www.jannyvanderheiden.nl\/wp-content\/uploads\/2022\/02\/janny-compi-1024x576.png 1024w, https:\/\/www.jannyvanderheiden.nl\/wp-content\/uploads\/2022\/02\/janny-compi-300x169.png 300w, https:\/\/www.jannyvanderheiden.nl\/wp-content\/uploads\/2022\/02\/janny-compi-768x432.png 768w, https:\/\/www.jannyvanderheiden.nl\/wp-content\/uploads\/2022\/02\/janny-compi-1140x641.png 1140w, https:\/\/www.jannyvanderheiden.nl\/wp-content\/uploads\/2022\/02\/janny-compi.png 1280w\" alt=\"\" width=\"960\" height=\"540\"><\/p>\n<p style=\"text-align: center;\">Janny van der Heijden is een culinaire alleskunner. Zij studeerde Nederlandse Taal en Letterkunde en begon als redacteur bij een uitgeverij, waar zij haar eerste kookboek vertaalde en bewerkte. Sindsdien is de vonk overgeslagen. Inmiddels heeft zij tientallen titels op haar naam staan en heeft Janny een internationaal bereik. Voor de grote regionale dagbladen en later het Algemeen Dagblad schreef zij gedurende vele jaren dagelijks een culinaire rubriek.<\/p>\n<p style=\"text-align: center;\">Sinds 2018 heeft Janny een eigen servieslijn, die ondertussen al is uitgebreid met een tweede servies en een klassieke vazenlijn. In 2021 kwam ook haar eigen kledinglijn uit. In 2024 volgde bij Heinen Delfst Blauw ook een eigen lijn met kerstballen.<\/p>\n<p style=\"text-align: center;\">Inmiddels is Janny ook al jaren een bekend gezicht op televisie. Zij begon als eindredacteur van <em>Koken met Sterren<\/em>, en was ze betrokken was bij diverse televisieproducties waaronder&nbsp;<em>MasterChef,<\/em>&nbsp;<em>Life &amp; Cooking, Een Kwestie van <\/em><em>Smaak<\/em>&nbsp;en&nbsp;<em>Koffietijd<\/em>.<\/p>\n<p style=\"text-align: center;\">Vanaf 2013 is Janny zelf ook op televisie te zien als jurylid van het succesvolle programma <em>Heel Holland Bakt<\/em>. Tussen 2020 en 2024 was zij ook jurylid van <em>Heel Holland Bakt Kids<\/em>, waarin kinderen laten zien dat hun bakkunsten zeker niet onderdoen voor die van de thuisbakkers uit de succesvolle volwassen variant van het programma.<\/p>\n\n\n<p class=\"has-text-align-center\">Sinds 2019 is Janny samen met Andr\u00e9 van Duin te zien in het programma&nbsp;<em>Denkend aan Holland<\/em>. Het programma werd in 2024 genomineerd voor de Gouden Televizier-Ring voor het beste televisieprogramma van dat jaar. Bij <em>Denkend aan Holland <\/em>maakte Janny ook diverse webseries: <em>Aandenken aan Holland<\/em>&nbsp;(2021), <em>Janny\u2019s Frieskist<\/em> (2022) en <em>Janny vaart wel<\/em> (2023). <\/p>\n\n\n\n<p class=\"has-text-align-center\">In 2023 volgde <em>Denkend aan Zwitserland<\/em>, waarin Janny &amp; Andr\u00e9 hun bootje eenmalig inruilden voor een mooie treinreis door het Zwitserse landschap. In maart 2025 brachten Janny, Andr\u00e9 en Nhaan in <em>Denkend aan Vlaanderen<\/em> met hun bootje een bezoek aan Belgi\u00eb.<\/p>\n\n\n\n<p class=\"has-text-align-center\">In 2023 maakte Janny voor Omroep MAX het televisieprogramma&nbsp;<em>Voeding en Ons Brein<\/em>&nbsp;en de bijbehorende podcast-serie&nbsp;<em>Janny over Prikkels<\/em>, over de bewuste en onbewuste keuzes die wij dagelijks maken in onze eetgewoontes. Eerder maakte zij voor dezelfde omroep ook de podcast&nbsp;<em>De Smaak van Vroeger<\/em>, waarin zij op zoek ging naar eet-herinneringen. In 2024 volgde de podcast&nbsp;<em>Gestolen Gezicht<\/em>&nbsp;over online nep-advertenties.<\/p>\n\n\n<p style=\"text-align: center;\">Verder nam zij deel aan diverse programma\u2019s, waaronder <em>De Slimste Mens<\/em>,\u00a0<em>Maestro<\/em>\u00a0en\u00a0<em>Het Perfecte Plaatje<\/em>. Janny ontwikkelde <em>De Nationale Eettest, <\/em>die zij presenteerde met Paul de Leeuw en was co-host in zijn programma <em>Pauls Puber Kookshow<\/em>. Dit programma won in 2016 de Gouden Stuiver voor beste programma voor de jeugd op het Gouden Televizier-Gala. In 2021 verscheen haar eigen programma <em>De Smaak van Nederland<\/em> op de zender 24Kitchen.<\/p>\n<p style=\"text-align: center;\">Haar passie is het overbrengen van kennis over eten aan een zo breed mogelijk publiek. Dit doet zij met simpele woorden en mooie voorbeelden. In deze hoedanigheid was Janny voor het ministerie van VWS het boegbeeld van de campagne Ouderen en Voeding. Vanuit haar uitgebreide ervaring met kookboeken was Janny van der Heijden 2 jaar lang juryvoorzitter van <em>Het Gouden Kookboek<\/em>, de CPNB-prijs voor het beste oorspronkelijk Nederlandstalige kookboek.<\/p>\n<p style=\"text-align: center;\">In maart 2023 verscheen Janny\u2019s nieuwste boek <em>Smaakpalet van de Lage Landen<\/em>. Daarvoor bracht zij haar liefde voor eten en kunst samen en onderzocht zij de traditie en eetcultuur van de Nederlanden aan de hand van iconische schilderijen. Wat zien wij afgebeeld en wat vertelt dit over het leven van toen en de buitenlandse invloeden op onze keuken?<\/p>\n<p style=\"text-align: center;\"><img decoding=\"async\" loading=\"lazy\" class=\"aligncenter\" src=\"https:\/\/www.jannyvanderheiden.nl\/wp-content\/uploads\/2023\/03\/63ec6_9789038807522_cvr-scaled-1-246x300.jpg\" alt=\"\" width=\"246\" height=\"300\" \/><\/p>\n<p style=\"text-align: center;\">Sinds 2024 is Janny ambassadeur van de VriendenLoterij Open Monumentendag en schrijft zij een wekelijkse column voor Margriet. In 2025 was zij gastconservator van de tentoonstelling\u00a0<em>Grand Dessert \u2013 De geschiedenis van het toetje<\/em> in Kunstmuseum Den Haag.<\/p>\n<p style=\"text-align: center;\">In 2026 is Janny de chef van de Vrijheidssoep, die door het 4 &amp; 5 Mei Comit\u00e9 in het leven is geroepen om mensen in heel het land te verbinden: \u201cIk zeg altijd: als er iets is dat verbindt, dan is het eten. Het is toch geweldig dat je soep kunt gebruiken om mensen bij elkaar te krijgen?\u201d<\/p>\n<p>\u00a0<\/p>\n<p><img decoding=\"async\" loading=\"lazy\" class=\" wp-image-202 aligncenter\" src=\"https:\/\/www.jannyvanderheiden.nl\/wp-content\/uploads\/2026\/03\/20251120-sfeerbeeld-Janny-45-Mei-007-200x300.jpg\" alt=\"\" width=\"395\" height=\"593\" srcset=\"https:\/\/www.jannyvanderheiden.nl\/wp-content\/uploads\/2026\/03\/20251120-sfeerbeeld-Janny-45-Mei-007-200x300.jpg 200w, https:\/\/www.jannyvanderheiden.nl\/wp-content\/uploads\/2026\/03\/20251120-sfeerbeeld-Janny-45-Mei-007-683x1024.jpg 683w, https:\/\/www.jannyvanderheiden.nl\/wp-content\/uploads\/2026\/03\/20251120-sfeerbeeld-Janny-45-Mei-007-768x1152.jpg 768w, https:\/\/www.jannyvanderheiden.nl\/wp-content\/uploads\/2026\/03\/20251120-sfeerbeeld-Janny-45-Mei-007-1024x1536.jpg 1024w, https:\/\/www.jannyvanderheiden.nl\/wp-content\/uploads\/2026\/03\/20251120-sfeerbeeld-Janny-45-Mei-007-1365x2048.jpg 1365w, https:\/\/www.jannyvanderheiden.nl\/wp-content\/uploads\/2026\/03\/20251120-sfeerbeeld-Janny-45-Mei-007-1140x1710.jpg 1140w, https:\/\/www.jannyvanderheiden.nl\/wp-content\/uploads\/2026\/03\/20251120-sfeerbeeld-Janny-45-Mei-007-scaled.jpg 1707w\" sizes=\"(max-width: 395px) 100vw, 395px\" \/><\/p>\n<p>\u00a0<\/p>\n<p style=\"text-align: center;\">Met haar zoon Roderick van der Lee maakt Janny sinds februari 2026 de podcast <em data-rich-text-format-boundary=\"true\">Goede Smaak<\/em>, waarin zij hun liefde voor kunst, cultuur en eten delen met de luisteraar.<\/p>\n<p style=\"text-align: center;\"><a href=\"https:\/\/www.youtube.com\/@GoedeSmaakMetJannyEnRoderick\/videos\">Beluister de podcast hier!<\/a><\/p>\n<p>\u00a0<\/p>\n<p style=\"text-align: center;\">Janny geeft naast haar televisiewerkzaamheden ook regelmatig <em>workshops<\/em> op meerdere vlakken en wordt ingezet als dagvoorzitter dan wel jurylid. Voor meer informatie: <a href=\"mailto:info@hup.management\">info@hup.management<\/a>.<\/p>\n<p>\u00a0<\/p>\n<p><img decoding=\"async\" loading=\"lazy\" class=\"aligncenter\" src=\"https:\/\/www.jannyvanderheiden.nl\/wp-content\/uploads\/2022\/02\/JANNY_KYRA_05-1-768x1086.jpg\" sizes=\"(max-width: 768px) 100vw, 768px\" srcset=\"https:\/\/www.jannyvanderheiden.nl\/wp-content\/uploads\/2022\/02\/JANNY_KYRA_05-1-768x1086.jpg 768w, https:\/\/www.jannyvanderheiden.nl\/wp-content\/uploads\/2022\/02\/JANNY_KYRA_05-1-212x300.jpg 212w, https:\/\/www.jannyvanderheiden.nl\/wp-content\/uploads\/2022\/02\/JANNY_KYRA_05-1-724x1024.jpg 724w, https:\/\/www.jannyvanderheiden.nl\/wp-content\/uploads\/2022\/02\/JANNY_KYRA_05-1-1140x1613.jpg 1140w, https:\/\/www.jannyvanderheiden.nl\/wp-content\/uploads\/2022\/02\/JANNY_KYRA_05-1.jpg 1240w\" alt=\"\" width=\"768\" height=\"1086\" \/><br \/><a href=\"https:\/\/www.instagram.com\/jannyvanderheijden\" target=\"_blank\" rel=\"noopener\"><br \/>Instagram<br \/><\/a><br \/><a href=\"mailto:hanneke@bopper.nl\" target=\"_blank\" rel=\"noopener\"><br \/>Envelope<br \/><\/a><\/p>","protected":false},"excerpt":{"rendered":"<p>Janny van der Heijden is een culinaire alleskunner. Zij studeerde Nederlandse Taal en Letterkunde en begon als redacteur bij een uitgeverij, waar zij haar eerste kookboek vertaalde en bewerkte. Sindsdien is de vonk overgeslagen. Inmiddels heeft zij tientallen titels op haar naam staan en heeft Janny een internationaal bereik. Voor de grote regionale dagbladen en later het Algemeen Dagblad schreef zij gedurende vele jaren dagelijks een culinaire rubriek. Sinds 2018 heeft Janny een eigen servieslijn, die ondertussen al is uitgebreid met een tweede servies en een klassieke vazenlijn. In 2021 kwam ook haar eigen kledinglijn uit. In 2024 volgde bij Heinen Delfst Blauw ook een eigen lijn met kerstballen. Inmiddels is Janny ook al jaren een bekend gezicht op televisie. Zij begon als eindredacteur van Koken met Sterren, en was ze betrokken was bij diverse televisieproducties waaronder&nbsp;MasterChef,&nbsp;Life &amp; Cooking, Een Kwestie van Smaak&nbsp;en&nbsp;Koffietijd. Vanaf 2013 is Janny zelf ook op televisie te zien als jurylid van het succesvolle programma Heel Holland Bakt. Tussen 2020 en 2024 was zij ook jurylid van Heel Holland Bakt Kids, waarin kinderen laten zien dat hun bakkunsten zeker niet onderdoen voor die van de thuisbakkers uit de succesvolle volwassen variant van het programma. Sinds 2019 is Janny samen met Andr\u00e9 van Duin te zien in het programma&nbsp;Denkend aan Holland. Het programma werd in 2024 genomineerd voor de Gouden Televizier-Ring voor het beste televisieprogramma van dat jaar. Bij Denkend aan Holland maakte Janny ook diverse webseries: Aandenken aan Holland&nbsp;(2021), Janny\u2019s Frieskist (2022) en Janny vaart wel (2023). In 2023 volgde Denkend aan Zwitserland, waarin Janny &amp; Andr\u00e9 hun bootje eenmalig inruilden voor een mooie treinreis door het Zwitserse landschap. In maart 2025 brachten Janny, Andr\u00e9 en Nhaan in Denkend aan Vlaanderen met hun bootje een bezoek aan Belgi\u00eb. In 2023 maakte Janny voor Omroep MAX het televisieprogramma&nbsp;Voeding en Ons Brein&nbsp;en de bijbehorende podcast-serie&nbsp;Janny over Prikkels, over de bewuste en onbewuste keuzes die wij dagelijks maken in onze eetgewoontes. Eerder maakte zij voor dezelfde omroep ook de podcast&nbsp;De Smaak van Vroeger, waarin zij op zoek ging naar eet-herinneringen. In 2024 volgde de podcast&nbsp;Gestolen Gezicht&nbsp;over online nep-advertenties. Verder nam zij deel aan diverse programma\u2019s, waaronder De Slimste Mens,\u00a0Maestro\u00a0en\u00a0Het Perfecte Plaatje. Janny ontwikkelde De Nationale Eettest, die zij presenteerde met Paul de Leeuw en was co-host in zijn programma Pauls Puber Kookshow. Dit programma won in 2016 de Gouden Stuiver voor beste programma voor de jeugd op het Gouden Televizier-Gala. In 2021 verscheen haar eigen programma De Smaak van Nederland op de zender 24Kitchen. Haar passie is het overbrengen van kennis over eten aan een zo breed mogelijk publiek. Dit doet zij met simpele woorden en mooie voorbeelden. In deze hoedanigheid was Janny voor het ministerie van VWS het boegbeeld van de campagne Ouderen en Voeding. Vanuit haar uitgebreide ervaring met kookboeken was Janny van der Heijden 2 jaar lang juryvoorzitter van Het Gouden Kookboek, de CPNB-prijs voor het beste oorspronkelijk Nederlandstalige kookboek. In maart 2023 verscheen Janny\u2019s nieuwste boek Smaakpalet van de Lage Landen. Daarvoor bracht zij haar liefde voor eten en kunst samen en onderzocht zij de traditie en eetcultuur van de Nederlanden aan de hand van iconische schilderijen. Wat zien wij afgebeeld en wat vertelt dit over het leven van toen en de buitenlandse invloeden op onze keuken? Sinds 2024 is Janny ambassadeur van de VriendenLoterij Open Monumentendag en schrijft zij een wekelijkse column voor Margriet. In 2025 was zij gastconservator van de tentoonstelling\u00a0Grand Dessert \u2013 De geschiedenis van het toetje in Kunstmuseum Den Haag. In 2026 is Janny de chef van de Vrijheidssoep, die door het 4 &amp; 5 Mei Comit\u00e9 in het leven is geroepen om mensen in heel het land te verbinden: \u201cIk zeg altijd: als er iets is dat verbindt, dan is het eten. Het is toch geweldig dat je soep kunt gebruiken om mensen bij elkaar te krijgen?\u201d \u00a0 \u00a0 Met haar zoon Roderick van der Lee maakt Janny sinds februari 2026 de podcast Goede Smaak, waarin zij hun liefde voor kunst, cultuur en eten delen met de luisteraar. Beluister de podcast hier! \u00a0 Janny geeft naast haar televisiewerkzaamheden ook regelmatig workshops op meerdere vlakken en wordt ingezet als dagvoorzitter dan wel jurylid. Voor meer informatie: info@hup.management. \u00a0 InstagramEnvelope<\/p>\n","protected":false},"author":1,"featured_media":0,"parent":0,"menu_order":0,"comment_status":"closed","ping_status":"closed","template":"","meta":[],"_links":{"self":[{"href":"https:\/\/www.jannyvanderheiden.nl\/index.php?rest_route=\/wp\/v2\/pages\/52"}],"collection":[{"href":"https:\/\/www.jannyvanderheiden.nl\/index.php?rest_route=\/wp\/v2\/pages"}],"about":[{"href":"https:\/\/www.jannyvanderheiden.nl\/index.php?rest_route=\/wp\/v2\/types\/page"}],"author":[{"embeddable":true,"href":"https:\/\/www.jannyvanderheiden.nl\/index.php?rest_route=\/wp\/v2\/users\/1"}],"replies":[{"embeddable":true,"href":"https:\/\/www.jannyvanderheiden.nl\/index.php?rest_route=%2Fwp%2Fv2%2Fcomments&post=52"}],"version-history":[{"count":67,"href":"https:\/\/www.jannyvanderheiden.nl\/index.php?rest_route=\/wp\/v2\/pages\/52\/revisions"}],"predecessor-version":[{"id":207,"href":"https:\/\/www.jannyvanderheiden.nl\/index.php?rest_route=\/wp\/v2\/pages\/52\/revisions\/207"}],"wp:attachment":[{"href":"https:\/\/www.jannyvanderheiden.nl\/index.php?rest_route=%2Fwp%2Fv2%2Fmedia&parent=52"}],"curies":[{"name":"wp","href":"https:\/\/api.w.org\/{rel}","templated":true}]}}